{"id":154,"date":"2015-06-13T16:50:39","date_gmt":"2015-06-13T14:50:39","guid":{"rendered":"http:\/\/sylvainmariotto.com\/WordPress\/?page_id=154"},"modified":"2016-11-06T16:16:32","modified_gmt":"2016-11-06T15:16:32","slug":"creation-de-sites-internet","status":"publish","type":"page","link":"http:\/\/sylvainmariotto.com\/WordPress\/creation-de-sites-internet\/","title":{"rendered":"Cr\u00e9ation de sites internet"},"content":{"rendered":"<p>[et_pb_section admin_label=\u00a0\u00bbsection\u00a0\u00bb fullwidth=\u00a0\u00bboff\u00a0\u00bb specialty=\u00a0\u00bboff\u00a0\u00bb background_image=\u00a0\u00bbhttp:\/\/sylvainmariotto.com\/WordPress\/wp-content\/uploads\/2015\/06\/fond-gris.jpg\u00a0\u00bb transparent_background=\u00a0\u00bboff\u00a0\u00bb allow_player_pause=\u00a0\u00bboff\u00a0\u00bb inner_shadow=\u00a0\u00bbon\u00a0\u00bb parallax=\u00a0\u00bbon\u00a0\u00bb parallax_method=\u00a0\u00bboff\u00a0\u00bb padding_mobile=\u00a0\u00bboff\u00a0\u00bb make_fullwidth=\u00a0\u00bboff\u00a0\u00bb use_custom_width=\u00a0\u00bboff\u00a0\u00bb width_unit=\u00a0\u00bbon\u00a0\u00bb make_equal=\u00a0\u00bboff\u00a0\u00bb use_custom_gutter=\u00a0\u00bboff\u00a0\u00bb][et_pb_row admin_label=\u00a0\u00bbrow\u00a0\u00bb][et_pb_column type=\u00a0\u00bb4_4&Prime;][et_pb_image admin_label=\u00a0\u00bbImage\u00a0\u00bb src=\u00a0\u00bbhttp:\/\/sylvainmariotto.com\/WordPress\/wp-content\/uploads\/2015\/06\/themes1.png\u00a0\u00bb show_in_lightbox=\u00a0\u00bboff\u00a0\u00bb url_new_window=\u00a0\u00bboff\u00a0\u00bb animation=\u00a0\u00bboff\u00a0\u00bb sticky=\u00a0\u00bboff\u00a0\u00bb align=\u00a0\u00bbcenter\u00a0\u00bb force_fullwidth=\u00a0\u00bboff\u00a0\u00bb always_center_on_mobile=\u00a0\u00bbon\u00a0\u00bb use_border_color=\u00a0\u00bboff\u00a0\u00bb border_color=\u00a0\u00bb#ffffff\u00a0\u00bb border_style=\u00a0\u00bbsolid\u00a0\u00bb] [\/et_pb_image][\/et_pb_column][\/et_pb_row][\/et_pb_section][et_pb_section admin_label=\u00a0\u00bbsection\u00a0\u00bb][et_pb_row admin_label=\u00a0\u00bbrow\u00a0\u00bb][et_pb_column type=\u00a0\u00bb4_4&Prime;][et_pb_text admin_label=\u00a0\u00bbTexte\u00a0\u00bb background_layout=\u00a0\u00bblight\u00a0\u00bb text_orientation=\u00a0\u00bbleft\u00a0\u00bb text_line_height=\u00a0\u00bb2em\u00a0\u00bb use_border_color=\u00a0\u00bboff\u00a0\u00bb border_color=\u00a0\u00bb#ffffff\u00a0\u00bb border_style=\u00a0\u00bbsolid\u00a0\u00bb text_font_size=\u00a0\u00bb14&Prime;]<\/p>\n<h1 style=\"text-align: center;\">Cr\u00e9ations de sites\u00a0Internet<\/h1>\n<p style=\"text-align: center;\">La diffusion est une part essentielle de la communication, votre site internet\u00a0se doit de fournir tous les informations et les d\u00e9tails concernant votre activit\u00e9. J&rsquo;essaye de cr\u00e9er des sites \u00e9pur\u00e9s\u00a0dans un style sobre et moderne. Mes designs s&rsquo;adaptent parfaitement aux ordinateurs, tablettes et smartphones.<\/p>\n<p>[\/et_pb_text][et_pb_text admin_label=\u00a0\u00bbTexte\u00a0\u00bb background_layout=\u00a0\u00bblight\u00a0\u00bb text_orientation=\u00a0\u00bbleft\u00a0\u00bb text_line_height=\u00a0\u00bb2em\u00a0\u00bb use_border_color=\u00a0\u00bboff\u00a0\u00bb border_color=\u00a0\u00bb#ffffff\u00a0\u00bb border_style=\u00a0\u00bbsolid\u00a0\u00bb text_font_size=\u00a0\u00bb14&Prime;]<\/p>\n<h2 style=\"text-align: center;\">La conception et le d\u00e9veloppement de votre futur site web.<\/h2>\n<p>Avant de commencer, je vous propose de r\u00e9aliser jusqu&rsquo;\u00e0 trois s\u00e9ances photos (incluses dans le prix du site) afin d&rsquo;illustrer votre projet. De nombreuses photos sont essentielles pour r\u00e9aliser un bel habillage du site: l&rsquo;\u00e9tablissement, le(s) produit(s), l&rsquo;\u00e9quipe de travail, le mat\u00e9riel \u2026\u00a0ainsi que quelques photos d&rsquo;ambiance et de textures. Suite au visionnage des photos, nous \u00e9tudierons ensemble\u00a0votre marketing et affinerons votre offre jusqu&rsquo;\u00e0 ce\u00a0que votre service, vos prestations et produits ainsi que vos\u00a0tarifs\u00a0soient le plus clair possible.\u00a0Je peux alors r\u00e9diger pour (ou avec) vous les textes\u00a0qui seront pr\u00e9sent sur le site. La partie technique du travail m&rsquo;attend. je r\u00e9serve le\u00a0nom du domaine (www.votre-adresse.com), et cr\u00e9e\u00a0un h\u00e9bergement mutualis\u00e9. Je travaille ensuite avec WordPress\u00a0(leader mondial parmi tous les CMS) pour b\u00e2tir votre site.\u00a0Je dispose d&rsquo;un kit de d\u00e9veloppement\u00a0qui me permet d&rsquo;utiliser des th\u00e8mes premium et des plug-ins performants. Votre site est &lsquo;responsive&rsquo;, c&rsquo;est \u00e0 dire qu&rsquo;il s&rsquo;ajuste automatique pour la navigation sur smartphone ou sur tablette. Les fonctionnalit\u00e9s comme Google Map, le formulaire de contact, les liens vers les r\u00e9seaux sociaux, les diaporamas, players vid\u00e9os et autres modules sont \u00e9galement pr\u00e9sentes, \u00e9pur\u00e9es et efficaces. J&rsquo;ins\u00e8re alors tous les m\u00e9dias dont nous disposons (logos, photos, vid\u00e9os\u2026) et les dispose sur les pages du site. Un peu de mise en page puis\u00a0il ne reste plus qu&rsquo;\u00e0 v\u00e9rifier qu&rsquo;aucune faute d&rsquo;orthographe ne s&rsquo;est cach\u00e9e, et nous pourrons publier votre site Internet! [\/et_pb_text][et_pb_text admin_label=\u00a0\u00bbTexte\u00a0\u00bb background_layout=\u00a0\u00bblight\u00a0\u00bb text_orientation=\u00a0\u00bbleft\u00a0\u00bb text_line_height=\u00a0\u00bb2em\u00a0\u00bb use_border_color=\u00a0\u00bboff\u00a0\u00bb border_color=\u00a0\u00bb#ffffff\u00a0\u00bb border_style=\u00a0\u00bbsolid\u00a0\u00bb text_font_size=\u00a0\u00bb14&Prime;]<\/p>\n<h2 style=\"text-align: center;\">Devis gratuit<\/h2>\n<p style=\"text-align: center;\">N&rsquo;h\u00e9sitez pas \u00e0 me contacter pour que nous \u00e9tudions ensemble votre projet.<\/p>\n<p>[\/et_pb_text][et_pb_image admin_label=\u00a0\u00bbImage\u00a0\u00bb src=\u00a0\u00bbhttp:\/\/sylvainmariotto.com\/WordPress\/wp-content\/uploads\/2015\/06\/supports.png\u00a0\u00bb show_in_lightbox=\u00a0\u00bboff\u00a0\u00bb url_new_window=\u00a0\u00bboff\u00a0\u00bb animation=\u00a0\u00bboff\u00a0\u00bb sticky=\u00a0\u00bboff\u00a0\u00bb align=\u00a0\u00bbcenter\u00a0\u00bb force_fullwidth=\u00a0\u00bboff\u00a0\u00bb always_center_on_mobile=\u00a0\u00bbon\u00a0\u00bb use_border_color=\u00a0\u00bboff\u00a0\u00bb border_color=\u00a0\u00bb#ffffff\u00a0\u00bb border_style=\u00a0\u00bbsolid\u00a0\u00bb] [\/et_pb_image][\/et_pb_column][\/et_pb_row][\/et_pb_section][et_pb_section admin_label=\u00a0\u00bbsection\u00a0\u00bb background_image=\u00a0\u00bbhttp:\/\/sylvainmariotto.com\/WordPress\/wp-content\/uploads\/2015\/06\/fond-gris.jpg\u00a0\u00bb transparent_background=\u00a0\u00bboff\u00a0\u00bb allow_player_pause=\u00a0\u00bboff\u00a0\u00bb inner_shadow=\u00a0\u00bboff\u00a0\u00bb parallax=\u00a0\u00bbon\u00a0\u00bb parallax_method=\u00a0\u00bboff\u00a0\u00bb padding_mobile=\u00a0\u00bboff\u00a0\u00bb make_fullwidth=\u00a0\u00bboff\u00a0\u00bb use_custom_width=\u00a0\u00bboff\u00a0\u00bb width_unit=\u00a0\u00bbon\u00a0\u00bb make_equal=\u00a0\u00bboff\u00a0\u00bb use_custom_gutter=\u00a0\u00bboff\u00a0\u00bb][et_pb_row admin_label=\u00a0\u00bbrow\u00a0\u00bb][et_pb_column type=\u00a0\u00bb4_4&Prime;][et_pb_text admin_label=\u00a0\u00bbTexte\u00a0\u00bb background_layout=\u00a0\u00bblight\u00a0\u00bb text_orientation=\u00a0\u00bbleft\u00a0\u00bb text_line_height=\u00a0\u00bb2em\u00a0\u00bb use_border_color=\u00a0\u00bboff\u00a0\u00bb border_color=\u00a0\u00bb#ffffff\u00a0\u00bb border_style=\u00a0\u00bbsolid\u00a0\u00bb text_font_size=\u00a0\u00bb14&Prime;]<\/p>\n<h2 style=\"text-align: center;\">Portfolio<\/h2>\n<p style=\"text-align: center;\">D\u00e9couvrez mes derni\u00e8res r\u00e9alisations sur le web.<\/p>\n<p>[\/et_pb_text][\/et_pb_column][\/et_pb_row][et_pb_row admin_label=\u00a0\u00bbrow\u00a0\u00bb][et_pb_column type=\u00a0\u00bb1_3&Prime;][et_pb_image admin_label=\u00a0\u00bbImage\u00a0\u00bb src=\u00a0\u00bbhttp:\/\/sylvainmariotto.com\/WordPress\/wp-content\/uploads\/2015\/06\/Guy.png\u00a0\u00bb show_in_lightbox=\u00a0\u00bboff\u00a0\u00bb url_new_window=\u00a0\u00bbon\u00a0\u00bb animation=\u00a0\u00bboff\u00a0\u00bb sticky=\u00a0\u00bboff\u00a0\u00bb align=\u00a0\u00bbcenter\u00a0\u00bb force_fullwidth=\u00a0\u00bboff\u00a0\u00bb always_center_on_mobile=\u00a0\u00bbon\u00a0\u00bb use_border_color=\u00a0\u00bboff\u00a0\u00bb border_color=\u00a0\u00bb#ffffff\u00a0\u00bb border_style=\u00a0\u00bbsolid\u00a0\u00bb url=\u00a0\u00bbwww.guysurfboards.com\u00a0\u00bb] [\/et_pb_image][et_pb_text admin_label=\u00a0\u00bbTexte\u00a0\u00bb background_layout=\u00a0\u00bblight\u00a0\u00bb text_orientation=\u00a0\u00bbleft\u00a0\u00bb text_line_height=\u00a0\u00bb2em\u00a0\u00bb use_border_color=\u00a0\u00bboff\u00a0\u00bb border_color=\u00a0\u00bb#ffffff\u00a0\u00bb border_style=\u00a0\u00bbsolid\u00a0\u00bb]<\/p>\n<h1 style=\"text-align: center;\">Guy Surfboards<\/h1>\n<p style=\"text-align: center;\">Artisan shaper diplom\u00e9 en construction navale<\/p>\n<p style=\"text-align: center;\">St Jean de Luz<\/p>\n<p>[\/et_pb_text][et_pb_image admin_label=\u00a0\u00bbImage\u00a0\u00bb src=\u00a0\u00bbhttp:\/\/sylvainmariotto.com\/WordPress\/wp-content\/uploads\/2015\/06\/Surfistador.png\u00a0\u00bb show_in_lightbox=\u00a0\u00bboff\u00a0\u00bb url_new_window=\u00a0\u00bbon\u00a0\u00bb animation=\u00a0\u00bboff\u00a0\u00bb sticky=\u00a0\u00bboff\u00a0\u00bb align=\u00a0\u00bbcenter\u00a0\u00bb force_fullwidth=\u00a0\u00bboff\u00a0\u00bb always_center_on_mobile=\u00a0\u00bbon\u00a0\u00bb use_border_color=\u00a0\u00bboff\u00a0\u00bb border_color=\u00a0\u00bb#ffffff\u00a0\u00bb border_style=\u00a0\u00bbsolid\u00a0\u00bb url=\u00a0\u00bbwww.surfistador.fr\u00a0\u00bb] [\/et_pb_image][et_pb_text admin_label=\u00a0\u00bbTexte\u00a0\u00bb background_layout=\u00a0\u00bblight\u00a0\u00bb text_orientation=\u00a0\u00bbleft\u00a0\u00bb text_line_height=\u00a0\u00bb2em\u00a0\u00bb use_border_color=\u00a0\u00bboff\u00a0\u00bb border_color=\u00a0\u00bb#ffffff\u00a0\u00bb border_style=\u00a0\u00bbsolid\u00a0\u00bb]<\/p>\n<h1 style=\"text-align: center;\">Surfistador<\/h1>\n<p style=\"text-align: center;\">Welcome to the Wild West Surfschool!<\/p>\n<p style=\"text-align: center;\">St Girons Plage<\/p>\n<p>[\/et_pb_text][\/et_pb_column][et_pb_column type=\u00a0\u00bb1_3&Prime;][et_pb_image admin_label=\u00a0\u00bbImage\u00a0\u00bb src=\u00a0\u00bbhttp:\/\/sylvainmariotto.com\/WordPress\/wp-content\/uploads\/2015\/06\/Colline.png\u00a0\u00bb show_in_lightbox=\u00a0\u00bboff\u00a0\u00bb url_new_window=\u00a0\u00bbon\u00a0\u00bb animation=\u00a0\u00bboff\u00a0\u00bb sticky=\u00a0\u00bboff\u00a0\u00bb align=\u00a0\u00bbcenter\u00a0\u00bb force_fullwidth=\u00a0\u00bboff\u00a0\u00bb always_center_on_mobile=\u00a0\u00bbon\u00a0\u00bb use_border_color=\u00a0\u00bboff\u00a0\u00bb border_color=\u00a0\u00bb#ffffff\u00a0\u00bb border_style=\u00a0\u00bbsolid\u00a0\u00bb url=\u00a0\u00bbwww.collinedebouties.com\u00a0\u00bb] [\/et_pb_image][et_pb_text admin_label=\u00a0\u00bbTexte\u00a0\u00bb background_layout=\u00a0\u00bblight\u00a0\u00bb text_orientation=\u00a0\u00bbleft\u00a0\u00bb text_line_height=\u00a0\u00bb2em\u00a0\u00bb use_border_color=\u00a0\u00bboff\u00a0\u00bb border_color=\u00a0\u00bb#ffffff\u00a0\u00bb border_style=\u00a0\u00bbsolid\u00a0\u00bb]<\/p>\n<h1 style=\"text-align: center;\">La Colline de Bouti\u00e8s<\/h1>\n<p style=\"text-align: center;\">G\u00eete, cabanes et chambres d&rsquo;h\u00f4te en Tarn et Garonne<\/p>\n<p>[\/et_pb_text][et_pb_image admin_label=\u00a0\u00bbImage\u00a0\u00bb src=\u00a0\u00bbhttp:\/\/sylvainmariotto.com\/WordPress\/wp-content\/uploads\/2015\/06\/Bizikleta.png\u00a0\u00bb show_in_lightbox=\u00a0\u00bboff\u00a0\u00bb url_new_window=\u00a0\u00bbon\u00a0\u00bb animation=\u00a0\u00bboff\u00a0\u00bb sticky=\u00a0\u00bboff\u00a0\u00bb align=\u00a0\u00bbcenter\u00a0\u00bb force_fullwidth=\u00a0\u00bboff\u00a0\u00bb always_center_on_mobile=\u00a0\u00bbon\u00a0\u00bb use_border_color=\u00a0\u00bboff\u00a0\u00bb border_color=\u00a0\u00bb#ffffff\u00a0\u00bb border_style=\u00a0\u00bbsolid\u00a0\u00bb url=\u00a0\u00bbwww.atelier-bizikleta.com\u00a0\u00bb] [\/et_pb_image][et_pb_text admin_label=\u00a0\u00bbTexte\u00a0\u00bb background_layout=\u00a0\u00bblight\u00a0\u00bb text_orientation=\u00a0\u00bbleft\u00a0\u00bb text_line_height=\u00a0\u00bb2em\u00a0\u00bb use_border_color=\u00a0\u00bboff\u00a0\u00bb border_color=\u00a0\u00bb#ffffff\u00a0\u00bb border_style=\u00a0\u00bbsolid\u00a0\u00bb]<\/p>\n<h1 style=\"text-align: center;\">Atelier Bizikleta<\/h1>\n<p style=\"text-align: center;\">Location et vente de v\u00e9los, restaurations et accessoires&#8230;<\/p>\n<p style=\"text-align: center;\">St Jean de Luz<\/p>\n<p>[\/et_pb_text][\/et_pb_column][et_pb_column type=\u00a0\u00bb1_3&Prime;][et_pb_image admin_label=\u00a0\u00bbImage\u00a0\u00bb src=\u00a0\u00bbhttp:\/\/sylvainmariotto.com\/WordPress\/wp-content\/uploads\/2015\/06\/Anita.png\u00a0\u00bb show_in_lightbox=\u00a0\u00bboff\u00a0\u00bb url_new_window=\u00a0\u00bbon\u00a0\u00bb animation=\u00a0\u00bboff\u00a0\u00bb sticky=\u00a0\u00bboff\u00a0\u00bb align=\u00a0\u00bbcenter\u00a0\u00bb force_fullwidth=\u00a0\u00bboff\u00a0\u00bb always_center_on_mobile=\u00a0\u00bbon\u00a0\u00bb use_border_color=\u00a0\u00bboff\u00a0\u00bb border_color=\u00a0\u00bb#ffffff\u00a0\u00bb border_style=\u00a0\u00bbsolid\u00a0\u00bb url=\u00a0\u00bbwww.loreak-kalean.com\u00a0\u00bb] [\/et_pb_image][et_pb_text admin_label=\u00a0\u00bbTexte\u00a0\u00bb background_layout=\u00a0\u00bblight\u00a0\u00bb text_orientation=\u00a0\u00bbleft\u00a0\u00bb text_line_height=\u00a0\u00bb2em\u00a0\u00bb use_border_color=\u00a0\u00bboff\u00a0\u00bb border_color=\u00a0\u00bb#ffffff\u00a0\u00bb border_style=\u00a0\u00bbsolid\u00a0\u00bb]<\/p>\n<h1 style=\"text-align: center;\">Loreak Kalean<\/h1>\n<p style=\"text-align: center;\">Fleuriste \u00e0 Saint Jean de Luz<\/p>\n<p style=\"text-align: center;\">Livraisons de bouquets, compositions, mariages et \u00e9v\u00e8nements&#8230;<\/p>\n<p>[\/et_pb_text][\/et_pb_column][\/et_pb_row][\/et_pb_section][et_pb_section admin_label=\u00a0\u00bbsection\u00a0\u00bb fullwidth=\u00a0\u00bbon\u00a0\u00bb specialty=\u00a0\u00bboff\u00a0\u00bb][et_pb_fullwidth_slider admin_label=\u00a0\u00bbCurseur de d\u00e9filement plein \u00e9cran\u00a0\u00bb show_arrows=\u00a0\u00bbon\u00a0\u00bb show_pagination=\u00a0\u00bbon\u00a0\u00bb auto=\u00a0\u00bboff\u00a0\u00bb parallax=\u00a0\u00bbon\u00a0\u00bb parallax_method=\u00a0\u00bboff\u00a0\u00bb remove_inner_shadow=\u00a0\u00bboff\u00a0\u00bb background_position=\u00a0\u00bbdefault\u00a0\u00bb background_size=\u00a0\u00bbdefault\u00a0\u00bb hide_content_on_mobile=\u00a0\u00bboff\u00a0\u00bb hide_cta_on_mobile=\u00a0\u00bboff\u00a0\u00bb show_image_video_mobile=\u00a0\u00bboff\u00a0\u00bb body_line_height=\u00a0\u00bb2em\u00a0\u00bb custom_button=\u00a0\u00bboff\u00a0\u00bb button_letter_spacing=\u00a0\u00bb0&Prime; button_use_icon=\u00a0\u00bbdefault\u00a0\u00bb button_icon_placement=\u00a0\u00bbright\u00a0\u00bb button_on_hover=\u00a0\u00bbon\u00a0\u00bb button_letter_spacing_hover=\u00a0\u00bb0&Prime;] [et_pb_slide background_image=\u00a0\u00bbhttp:\/\/sylvainmariotto.com\/WordPress\/wp-content\/uploads\/2015\/06\/fond-bleu-169159.jpg\u00a0\u00bb background_position=\u00a0\u00bbdefault\u00a0\u00bb background_size=\u00a0\u00bbdefault\u00a0\u00bb background_color=\u00a0\u00bb#ffffff\u00a0\u00bb alignment=\u00a0\u00bbcenter\u00a0\u00bb background_layout=\u00a0\u00bbdark\u00a0\u00bb allow_player_pause=\u00a0\u00bboff\u00a0\u00bb header_font_select=\u00a0\u00bbdefault\u00a0\u00bb body_font_select=\u00a0\u00bbdefault\u00a0\u00bb custom_button=\u00a0\u00bboff\u00a0\u00bb button_font_select=\u00a0\u00bbdefault\u00a0\u00bb button_use_icon=\u00a0\u00bbdefault\u00a0\u00bb button_icon_placement=\u00a0\u00bbright\u00a0\u00bb button_on_hover=\u00a0\u00bbon\u00a0\u00bb] <a href=\"http:\/\/sylvainmariotto.com\/WordPress\/wp-content\/uploads\/2015\/06\/facebook-login-powering-a-copie.png\"><img loading=\"lazy\" decoding=\"async\" class=\" size-full wp-image-227 aligncenter\" src=\"http:\/\/sylvainmariotto.com\/WordPress\/wp-content\/uploads\/2015\/06\/facebook-login-powering-a-copie.png\" alt=\"facebook-login-powering-a copie\" width=\"507\" height=\"298\" srcset=\"http:\/\/sylvainmariotto.com\/WordPress\/wp-content\/uploads\/2015\/06\/facebook-login-powering-a-copie.png 507w, http:\/\/sylvainmariotto.com\/WordPress\/wp-content\/uploads\/2015\/06\/facebook-login-powering-a-copie-300x176.png 300w\" sizes=\"auto, (max-width: 507px) 100vw, 507px\" \/><\/a> [\/et_pb_slide] [\/et_pb_fullwidth_slider][\/et_pb_section][et_pb_section admin_label=\u00a0\u00bbsection\u00a0\u00bb][et_pb_row admin_label=\u00a0\u00bbrow\u00a0\u00bb][et_pb_column type=\u00a0\u00bb1_2&Prime;][et_pb_text admin_label=\u00a0\u00bbTexte\u00a0\u00bb background_layout=\u00a0\u00bblight\u00a0\u00bb text_orientation=\u00a0\u00bbleft\u00a0\u00bb text_line_height=\u00a0\u00bb2em\u00a0\u00bb use_border_color=\u00a0\u00bboff\u00a0\u00bb border_color=\u00a0\u00bb#ffffff\u00a0\u00bb border_style=\u00a0\u00bbsolid\u00a0\u00bb]<\/p>\n<h1 style=\"text-align: center;\">Cr\u00e9ation d&rsquo;une page Facebook<\/h1>\n<p>Vous souhaitez augmenter\u00a0votre audience et toucher plus de monde, les r\u00e9seaux sociaux sont l\u00e0 pour \u00e7a. Je vous propose de cr\u00e9er votre page facebook et de contribuer \u00e0 son d\u00e9veloppement. En tant qu&rsquo;administrateur, je peux d\u00e9finir des r\u00f4les sur la page, \u00e9diter des publications, organiser des \u00e9v\u00e8nements. Une solution id\u00e9ale pour communiquer \u00a0autour de votre activit\u00e9.<\/p>\n<p>[\/et_pb_text][\/et_pb_column][et_pb_column type=\u00a0\u00bb1_2&Prime;][et_pb_text admin_label=\u00a0\u00bbTexte\u00a0\u00bb background_layout=\u00a0\u00bblight\u00a0\u00bb text_orientation=\u00a0\u00bbleft\u00a0\u00bb text_line_height=\u00a0\u00bb2em\u00a0\u00bb use_border_color=\u00a0\u00bboff\u00a0\u00bb border_color=\u00a0\u00bb#ffffff\u00a0\u00bb border_style=\u00a0\u00bbsolid\u00a0\u00bb]<\/p>\n<h1 style=\"text-align: center;\">Abonnement<\/h1>\n<p>Je vous propose de r\u00e9aliser r\u00e9guli\u00e8rement des s\u00e9ance photos selon la fr\u00e9quence qui vous convient le mieux\u00a0et ainsi commencer \u00e0 constituer une base de donn\u00e9es de photographies. Cette banque d&rsquo;images qui vous appartiendra (lettre de cession des droits d&rsquo;utilisation des photos \u00e0 l&rsquo;appui) vous permettra d&rsquo;alimenter vos profils et pages sur les r\u00e9seaux sociaux. Les gens attendent de vos nouvelles alors ne tardez\u00a0pas pour leur en donner, piochez dans votre phototh\u00e8que pour cr\u00e9er vos publications!<\/p>\n<p>[\/et_pb_text][\/et_pb_column][\/et_pb_row][\/et_pb_section]<\/p>\n","protected":false},"excerpt":{"rendered":"<p>[et_pb_section admin_label=\u00a0\u00bbsection\u00a0\u00bb fullwidth=\u00a0\u00bboff\u00a0\u00bb specialty=\u00a0\u00bboff\u00a0\u00bb background_image=\u00a0\u00bbhttp:\/\/sylvainmariotto.com\/WordPress\/wp-content\/uploads\/2015\/06\/fond-gris.jpg\u00a0\u00bb transparent_background=\u00a0\u00bboff\u00a0\u00bb allow_player_pause=\u00a0\u00bboff\u00a0\u00bb inner_shadow=\u00a0\u00bbon\u00a0\u00bb parallax=\u00a0\u00bbon\u00a0\u00bb parallax_method=\u00a0\u00bboff\u00a0\u00bb padding_mobile=\u00a0\u00bboff\u00a0\u00bb make_fullwidth=\u00a0\u00bboff\u00a0\u00bb use_custom_width=\u00a0\u00bboff\u00a0\u00bb width_unit=\u00a0\u00bbon\u00a0\u00bb make_equal=\u00a0\u00bboff\u00a0\u00bb use_custom_gutter=\u00a0\u00bboff\u00a0\u00bb][et_pb_row admin_label=\u00a0\u00bbrow\u00a0\u00bb][et_pb_column type=\u00a0\u00bb4_4&Prime;][et_pb_image admin_label=\u00a0\u00bbImage\u00a0\u00bb src=\u00a0\u00bbhttp:\/\/sylvainmariotto.com\/WordPress\/wp-content\/uploads\/2015\/06\/themes1.png\u00a0\u00bb show_in_lightbox=\u00a0\u00bboff\u00a0\u00bb url_new_window=\u00a0\u00bboff\u00a0\u00bb animation=\u00a0\u00bboff\u00a0\u00bb sticky=\u00a0\u00bboff\u00a0\u00bb align=\u00a0\u00bbcenter\u00a0\u00bb force_fullwidth=\u00a0\u00bboff\u00a0\u00bb always_center_on_mobile=\u00a0\u00bbon\u00a0\u00bb use_border_color=\u00a0\u00bboff\u00a0\u00bb border_color=\u00a0\u00bb#ffffff\u00a0\u00bb border_style=\u00a0\u00bbsolid\u00a0\u00bb] [\/et_pb_image][\/et_pb_column][\/et_pb_row][\/et_pb_section][et_pb_section admin_label=\u00a0\u00bbsection\u00a0\u00bb][et_pb_row admin_label=\u00a0\u00bbrow\u00a0\u00bb][et_pb_column type=\u00a0\u00bb4_4&Prime;][et_pb_text admin_label=\u00a0\u00bbTexte\u00a0\u00bb background_layout=\u00a0\u00bblight\u00a0\u00bb text_orientation=\u00a0\u00bbleft\u00a0\u00bb text_line_height=\u00a0\u00bb2em\u00a0\u00bb use_border_color=\u00a0\u00bboff\u00a0\u00bb border_color=\u00a0\u00bb#ffffff\u00a0\u00bb border_style=\u00a0\u00bbsolid\u00a0\u00bb text_font_size=\u00a0\u00bb14&Prime;] Cr\u00e9ations de sites\u00a0Internet La diffusion est une part essentielle de la communication, votre [&hellip;]<\/p>\n","protected":false},"author":1,"featured_media":0,"parent":0,"menu_order":0,"comment_status":"open","ping_status":"open","template":"","meta":{"_et_pb_use_builder":"on","_et_pb_old_content":"","_et_gb_content_width":"","footnotes":""},"class_list":["post-154","page","type-page","status-publish","hentry"],"_links":{"self":[{"href":"http:\/\/sylvainmariotto.com\/WordPress\/wp-json\/wp\/v2\/pages\/154","targetHints":{"allow":["GET"]}}],"collection":[{"href":"http:\/\/sylvainmariotto.com\/WordPress\/wp-json\/wp\/v2\/pages"}],"about":[{"href":"http:\/\/sylvainmariotto.com\/WordPress\/wp-json\/wp\/v2\/types\/page"}],"author":[{"embeddable":true,"href":"http:\/\/sylvainmariotto.com\/WordPress\/wp-json\/wp\/v2\/users\/1"}],"replies":[{"embeddable":true,"href":"http:\/\/sylvainmariotto.com\/WordPress\/wp-json\/wp\/v2\/comments?post=154"}],"version-history":[{"count":32,"href":"http:\/\/sylvainmariotto.com\/WordPress\/wp-json\/wp\/v2\/pages\/154\/revisions"}],"predecessor-version":[{"id":195,"href":"http:\/\/sylvainmariotto.com\/WordPress\/wp-json\/wp\/v2\/pages\/154\/revisions\/195"}],"wp:attachment":[{"href":"http:\/\/sylvainmariotto.com\/WordPress\/wp-json\/wp\/v2\/media?parent=154"}],"curies":[{"name":"wp","href":"https:\/\/api.w.org\/{rel}","templated":true}]}}